{"id":67,"date":"2017-05-17T23:11:25","date_gmt":"2017-05-17T20:11:25","guid":{"rendered":"http:\/\/kobibilisim.org.tr\/1-kobi-bilisim\/?page_id=67"},"modified":"2017-09-12T14:15:34","modified_gmt":"2017-09-12T11:15:34","slug":"sponsorluk-hakkinda","status":"publish","type":"page","link":"https:\/\/kobibilisim.org.tr\/1-kobi-bilisim\/sponsorluk-hakkinda","title":{"rendered":"SPONSORLUK"},"content":{"rendered":"<h1>Sponsorluk Se\u00e7enekleri<\/h1>\n<ul>\n<li><a href=\"#_Toc486969248\">Ana Sponsor <\/a><\/li>\n<li><a href=\"#_Toc486969249\">Platin Sponsor <\/a><\/li>\n<li><a href=\"#_Toc486969250\">Alt\u0131n Sponsor <\/a><\/li>\n<li><a href=\"#_Toc486969251\">G\u00fcm\u00fc\u015f Sponsor <\/a><\/li>\n<li><a href=\"#_Toc486969252\">Yaka Kart\u0131 Sponsoru <\/a><\/li>\n<li><a href=\"#_Toc486969253\">Marka ve Destek Sponsoru <\/a><\/li>\n<li><a href=\"#_Toc486969254\">Gen\u00e7 Giri\u015fimci Sponsoru <\/a><\/li>\n<li><a href=\"#_Toc486969255\">Ana Bas\u0131n\/Medya Sponsoru <\/a><\/li>\n<li><a href=\"#_Toc486969256\">Bas\u0131n Medya Sponsorlu\u011fu <\/a><\/li>\n<\/ul>\n<h2><a name=\"_Toc486969248\"><\/a><strong>Ana Sponsor<\/strong><\/h2>\n<p>(100.000 TL + KDV)<br \/>\n<em>Sponsorluk haklar\u0131 bir Firmaya verilecektir.<\/em><\/p>\n<p>TBD Sponsor\u2019un tan\u0131t\u0131m\u0131n\u0131n a\u015fa\u011f\u0131daki ko\u015fullarda yap\u0131laca\u011f\u0131n\u0131 taahh\u00fct eder:<\/p>\n<ol>\n<li>Kongrenin a\u00e7\u0131l\u0131\u015f konu\u015fmalar\u0131nda konu\u015fma hakk\u0131 verilecektir.<\/li>\n<li>Sabah b\u00f6l\u00fcm\u00fcnde yap\u0131lacak \u201cDijital D\u00f6n\u00fc\u015f\u00fcm\u00fcn KOB\u0130\u2019lere Sa\u011flad\u0131\u011f\u0131 F\u0131rsatlar ve \u00c7\u00f6z\u00fcmler\u201d \u00f6zel oturumda konu\u015fma hakk\u0131 tan\u0131nacakt\u0131r.<\/li>\n<li>Stant alan\u0131nda stant tahsis edilecektir.<\/li>\n<li>Kongre salonlar\u0131nda bulunan backdrop ve di\u011fer panolarda, \u201cAna Sponsor\u201d ba\u015fl\u0131\u011f\u0131 ile logosu kullan\u0131lacakt\u0131r.<\/li>\n<li>Di\u011fer sponsorluklardan %20 indirim hakk\u0131 verilecektir.<\/li>\n<li>Logosu <a href=\"http:\/\/www.ublk.org\">kobibilisim.org.tr<\/a> adresinde yer alacak ve sponsorun sitesine y\u00f6nlendirme linki verilecektir.<\/li>\n<li>Ana Sponsorun bas\u0131n b\u00fclteni, <a href=\"http:\/\/www.ublk.org\">kobibilisim.org.tr<\/a> adresinde yer alacakt\u0131r.<\/li>\n<li><a href=\"http:\/\/www.ublk.org\">kobibilisim.org.tr<\/a> adresinde banner yay\u0131nlama hakk\u0131 verilecektir.<\/li>\n<li>Yaz\u0131l\u0131 ve s\u00f6zl\u00fc bas\u0131n a\u00e7\u0131klamalar\u0131nda yer verilecektir.<\/li>\n<li>Sponsorluk anla\u015fmas\u0131n\u0131n imzalanmas\u0131n\u0131n ard\u0131ndan, Sponsorun Logosu a\u015fa\u011f\u0131da belirlenen alanlarda, \u201cAna Sponsor\u201d ibaresi ile yer alacakt\u0131r:\n<ul>\n<li><em> Kongre davetiyesi ve afi\u015flerinde<\/em><\/li>\n<li><em> A\u00e7\u0131k hava ve i\u00e7 mek\u00e2n reklamlar\u0131nda<\/em><\/li>\n<li><em> Gazete ve dergi ilanlar\u0131nda<\/em><\/li>\n<li><em> e-Posta tan\u0131t\u0131mlar\u0131nda<\/em><\/li>\n<li><em> e-B\u00fcltenlerde<\/em><\/li>\n<li><em> e-Davetiyelerde<\/em><\/li>\n<li><em> e-Medya banner reklamlar\u0131nda<\/em><\/li>\n<li><em> Kat\u0131l\u0131mc\u0131 listesi, yerle\u015fim plan\u0131 ve bilgi panosunda<\/em><\/li>\n<li><em> Ziyaret\u00e7ilere verilecek f\u00f6y ve kitap\u00e7\u0131klarda<\/em><\/li>\n<li><em> Kongre katalo\u011funun te\u015fekk\u00fcr sayfas\u0131nda.<\/em><\/li>\n<\/ul>\n<\/li>\n<\/ol>\n<h2><a name=\"_Toc486969249\"><\/a><strong>Platin Sponsor<\/strong><\/h2>\n<p>(30.000 TL+ KDV)<\/p>\n<p><em>Sponsorluk haklar\u0131 \u00fc\u00e7 Firmaya verilecektir.<\/em><\/p>\n<p>TBD Sponsor\u2019un tan\u0131t\u0131m\u0131n\u0131n a\u015fa\u011f\u0131daki ko\u015fullarda yap\u0131laca\u011f\u0131n\u0131 taahh\u00fct eder:<\/p>\n<ol>\n<li>\u201c\u00d6zel Oturum\u201d veya \u201c\u00c7\u00f6z\u00fcm ve Fark\u0131ndal\u0131k Oturumlar\u0131\u201dnda konu\u015fma hakk\u0131 verilecektir.<\/li>\n<li>Stant alan\u0131nda stant tahsis edilecektir.<\/li>\n<li>Kongre salonlar\u0131nda bulunan backdrop ve di\u011fer panolarda, Platin Sponsor ba\u015fl\u0131\u011f\u0131 ile logosu kullan\u0131lacakt\u0131r.<\/li>\n<li>Di\u011fer sponsorluklardan %15 indirim hakk\u0131 verilecektir.<\/li>\n<li>Logosu, <a href=\"http:\/\/www.ublk.org\">kobibilisim.org.tr<\/a> adresinde yer alacak ve sponsorun sitesine y\u00f6nlendirme linki verilecektir.<\/li>\n<li>Sponsorun bas\u0131n b\u00fclteni, <a href=\"http:\/\/www.ublk.org\">kobibilisim.org.tr<\/a> adresinde yer alacakt\u0131r.<\/li>\n<li><a href=\"http:\/\/www.ublk.org\">kobibilisim.org.tr<\/a> adresinde banner yay\u0131nlama hakk\u0131 verilecektir.<\/li>\n<li>Yaz\u0131l\u0131 ve s\u00f6zl\u00fc bas\u0131n a\u00e7\u0131klamalar\u0131nda yer verilecektir.<\/li>\n<li>Sponsorluk anla\u015fmas\u0131n\u0131n imzalanmas\u0131n\u0131n ard\u0131ndan, Sponsorun Logosu a\u015fa\u011f\u0131da belirlenen alanlarda, \u201c<strong>Platin Sponsor<\/strong>\u201d ibaresi ile yer alacakt\u0131r:\n<ul>\n<li><em> Kongre davetiyesi ve afi\u015flerinde<\/em><\/li>\n<li><em> A\u00e7\u0131k hava ve i\u00e7 mek\u00e2n reklamlar\u0131nda<\/em><\/li>\n<li><em> Gazete ve dergi ilanlar\u0131nda<\/em><\/li>\n<li><em> E-Posta tan\u0131t\u0131mlar\u0131nda<\/em><\/li>\n<li><em> E-b\u00fcltenlerde<\/em><\/li>\n<li><em> E-davetiyelerde<\/em><\/li>\n<li><em> E-medya banner reklamlar\u0131nda<\/em><\/li>\n<li><em> Kat\u0131l\u0131mc\u0131 listesi, yerle\u015fim plan\u0131 ve bilgi panosunda<\/em><\/li>\n<li><em> Ziyaret\u00e7ilere verilecek f\u00f6y ve kitap\u00e7\u0131klarda<\/em><\/li>\n<li><em> Kongre katalo\u011funun te\u015fekk\u00fcr sayfas\u0131nda.<\/em><\/li>\n<\/ul>\n<\/li>\n<\/ol>\n<h2><a name=\"_Toc486969250\"><\/a><strong>Alt\u0131n Sponsor<\/strong><\/h2>\n<p>(20.000 TL + KDV)<\/p>\n<p><em>Sponsorluk haklar\u0131 be\u015f Firmaya verilecektir.<\/em><\/p>\n<p>TBD Sponsor\u2019un tan\u0131t\u0131m\u0131n\u0131n a\u015fa\u011f\u0131daki ko\u015fullarda yap\u0131laca\u011f\u0131n\u0131 taahh\u00fct eder:<\/p>\n<ol>\n<li>Kongre salonlar\u0131nda bulunan backdrop ve di\u011fer panolarda, Alt\u0131n Sponsor ba\u015fl\u0131\u011f\u0131 ile logosu kullan\u0131lacakt\u0131r.<\/li>\n<li>\u201c\u00d6zel Oturum\u201d veya \u201c\u00c7\u00f6z\u00fcm ve Fark\u0131ndal\u0131k Oturumlar\u0131\u201dnda konu\u015fma hakk\u0131 verilecektir.<\/li>\n<li>Di\u011fer sponsorluklardan %10 indirim hakk\u0131 verilecektir.<\/li>\n<li>Sponsor logosu <a href=\"http:\/\/www.ublk.org\">kobibilisim.org.tr<\/a> adresinde yer alacak ve alt\u0131n sponsorun sitesine y\u00f6nlendirme linki verilecektir.<\/li>\n<li>Alt\u0131n Sponsorun bas\u0131n b\u00fclteni, <a href=\"http:\/\/www.ublk.org\">kobibilisim.org.tr<\/a> adresinde yer alacakt\u0131r.<\/li>\n<li>Alt\u0131n Sponsora, <a href=\"http:\/\/www.ublk.org\">kobibilisim.org.tr<\/a> adresinde banner yay\u0131nlama hakk\u0131 verilecektir.<\/li>\n<li>Sponsorluk anla\u015fmas\u0131n\u0131n imzalanmas\u0131n\u0131n ard\u0131ndan, Sponsorun logosu a\u015fa\u011f\u0131da belirlenen alanlarda, \u201cAlt\u0131n Sponsor\u201d ibaresi ile yer alacakt\u0131r:\n<ul>\n<li><em>Kongre davetiyesi ve afi\u015flerinde<\/em><\/li>\n<li><em>A\u00e7\u0131k hava ve i\u00e7 mek\u00e2n reklamlar\u0131nda<\/em><\/li>\n<li><em>Gazete ve dergi ilanlar\u0131nda<\/em><\/li>\n<li><em>E-Posta tan\u0131t\u0131mlar\u0131nda<\/em><\/li>\n<li><em>E-b\u00fcltenlerde<\/em><\/li>\n<li><em>E-davetiyelerde<\/em><\/li>\n<li><em>Kat\u0131l\u0131mc\u0131 listesi, yerle\u015fim plan\u0131 ve bilgi panosunda<\/em><\/li>\n<li><em>Ziyaret\u00e7ilere verilecek f\u00f6y ve kitap\u00e7\u0131klarda<\/em><\/li>\n<li><em>Kongre katalo\u011funun te\u015fekk\u00fcr sayfas\u0131nda yer alacakt\u0131r.<\/em><\/li>\n<\/ul>\n<\/li>\n<\/ol>\n<h2><a name=\"_Toc486969251\"><\/a><strong>G\u00fcm\u00fc\u015f Sponsor<\/strong><\/h2>\n<p>(10.000 TL+ KDV)<\/p>\n<p><em>G\u00fcm\u00fc\u015f Sponsorluk haklar\u0131 On Firmaya verilecektir.<\/em><\/p>\n<p>TBD Sponsor\u2019un tan\u0131t\u0131m\u0131n\u0131n a\u015fa\u011f\u0131daki ko\u015fullarda yap\u0131laca\u011f\u0131n\u0131 taahh\u00fct eder:<\/p>\n<ol>\n<li>Kongre salonlar\u0131nda bulunan backdrop ve di\u011fer panolarda sponsor logosu kullan\u0131lacakt\u0131r.<\/li>\n<li>Di\u011fer sponsorluklardan % 5 indirim hakk\u0131 verilecektir.<\/li>\n<li>Sponsor logosu, <a href=\"http:\/\/www.ublk.org\">kobibilisim.org.tr<\/a> adresinde yer alacak ve G\u00fcm\u00fc\u015f Sponsorun sitesine y\u00f6nlendirme linki verilecektir.<\/li>\n<li>Sponsorluk anla\u015fmas\u0131n\u0131n imzalanmas\u0131n\u0131n ard\u0131ndan, Sponsorun logosu a\u015fa\u011f\u0131da belirlenen alanlarda, \u201cG\u00fcm\u00fc\u015f Sponsor\u201d ibaresi ile yer alacakt\u0131r:\n<ul>\n<li><em> Kongre davetiyesi ve afi\u015flerinde<\/em><\/li>\n<li><em> A\u00e7\u0131k hava ve i\u00e7 mek\u00e2n reklamlar\u0131nda<\/em><\/li>\n<li><em> Gazete ve dergi ilanlar\u0131nda<\/em><\/li>\n<li><em> E-Posta tan\u0131t\u0131mlar\u0131nda<\/em><\/li>\n<li><em> E-b\u00fcltenlerde<\/em><\/li>\n<li><em> E-davetiyelerde<\/em><\/li>\n<li><em> Kat\u0131l\u0131mc\u0131 listesi, yerle\u015fim plan\u0131 ve bilgi panosunda<\/em><\/li>\n<li><em> Ziyaret\u00e7ilere verilecek f\u00f6y ve kitap\u00e7\u0131klarda<\/em><\/li>\n<li><em> Kongre katalo\u011funun te\u015fekk\u00fcr sayfas\u0131nda yer alacakt\u0131r.<\/em><\/li>\n<\/ul>\n<\/li>\n<\/ol>\n<h2><a name=\"_Toc486969252\"><\/a><strong>Yaka Kart\u0131 Sponsoru<\/strong><\/h2>\n<p>(10.000 TL + KDV)<\/p>\n<p><em>Sponsorluk haklar\u0131 bir Firmaya verilecektir.<\/em><\/p>\n<p>TBD Sponsor\u2019un tan\u0131t\u0131m\u0131n\u0131n a\u015fa\u011f\u0131daki ko\u015fullarda yap\u0131laca\u011f\u0131n\u0131 taahh\u00fct eder:<\/p>\n<ol>\n<li>T\u00fcm kat\u0131l\u0131mc\u0131lara \u201ckay\u0131t bilgileri\u201d yaz\u0131l\u0131 yaka kartlar\u0131, boyun ba\u011f\u0131na tak\u0131larak verilecektir.<\/li>\n<li>Sponsorun logosu, <a href=\"http:\/\/www.ublk.org\">kobibilisim.org.tr<\/a> adresinde yer alacak ve sponsorun sitesine<\/li>\n<li>y\u00f6nlendirme linki verilecektir.<\/li>\n<li>Sponsorun tasar\u0131m\u0131n\u0131 yapt\u0131raca\u011f\u0131 g\u00f6rsel, yaka kart\u0131n\u0131n arkas\u0131nda kullan\u0131lacakt\u0131r.<\/li>\n<li>Yaka kart\u0131 kat\u0131l\u0131mc\u0131 adedi kadar yap\u0131lacakt\u0131r olup organizasyon taraf\u0131ndan yap\u0131lacakt\u0131r.<\/li>\n<li>Sponsorluk anla\u015fmas\u0131n\u0131n imzalanmas\u0131n\u0131n ard\u0131ndan, Sponsorun logosu a\u015fa\u011f\u0131da belirlenen alanlarda, \u201c Yaka Kart\u0131 Sponsor\u201d ibaresi ile yer alacakt\u0131r:\n<ul>\n<li><em> Kongre davetiyesi ve afi\u015flerinde<\/em><\/li>\n<li><em> A\u00e7\u0131k hava ve i\u00e7 mek\u00e2n reklamlar\u0131nda<\/em><\/li>\n<li><em> E-Posta tan\u0131t\u0131mlar\u0131nda<\/em><\/li>\n<li><em> E-b\u00fcltenlerde<\/em><\/li>\n<li><em> E-davetiyelerde<\/em><\/li>\n<li><em> Ziyaret\u00e7ilere verilecek f\u00f6y ve kitap\u00e7\u0131klarda<\/em><\/li>\n<li><em> Yaka kart\u0131n\u0131n \u00f6n\u00fcnde<\/em><\/li>\n<li><em> Yaka kart\u0131n\u0131n boyun ba\u011f\u0131nda.<\/em><\/li>\n<\/ul>\n<\/li>\n<\/ol>\n<h2><a name=\"_Toc486969253\"><\/a><strong>Marka ve Destek Sponsoru<\/strong><\/h2>\n<p>(5.000 TL + KDV)<\/p>\n<p><em>Sponsorluk haklar\u0131 yirmi firmaya kadar verilecektir.<\/em><\/p>\n<p>Sponsora stant a\u00e7ma hakk\u0131 verilecektir. \u015eirket\/\u00fcr\u00fcn tan\u0131t\u0131mlar\u0131n\u0131n yap\u0131laca\u011f\u0131 stantlar, Kongrenin yap\u0131laca\u011f\u0131 salonlar\u0131n\u0131n bulundu\u011fu fuaye alan\u0131na kurulacakt\u0131r.<\/p>\n<p>TBD Sponsor\u2019un tan\u0131t\u0131m\u0131n\u0131n a\u015fa\u011f\u0131daki ko\u015fullarda yap\u0131laca\u011f\u0131n\u0131 taahh\u00fct eder:<\/p>\n<ol>\n<li>Sponsor logosu, <a href=\"http:\/\/www.ublk.org\">kobibilisim.org.tr<\/a> adresinde yer alacak ve Stant Sponsorun sitesine y\u00f6nlendirme linki verilecektir.<\/li>\n<li>Sponsorluk anla\u015fmas\u0131n\u0131n imzalanmas\u0131n\u0131n ard\u0131ndan, Sponsorun logosu a\u015fa\u011f\u0131da belirlenen alanlarda, \u201cMarka ve Destek Sponsoru \u201d ibaresi ile yer alacakt\u0131r.\n<ul>\n<li><em> E-Posta tan\u0131t\u0131mlar\u0131nda<\/em><\/li>\n<li><em> E-b\u00fcltenlerde<\/em><\/li>\n<li><em> E-davetiyelerde<\/em><\/li>\n<li><em> Ziyaret\u00e7ilere verilecek f\u00f6y ve kitap\u00e7\u0131klarda<\/em><em>.<\/em><\/li>\n<\/ul>\n<\/li>\n<\/ol>\n<h2><a name=\"_Toc486969254\"><\/a><strong>Gen\u00e7 Giri\u015fimci Sponsoru<\/strong><\/h2>\n<p>(2.000 TL + KDV)<\/p>\n<p>Sponsorluk haklar\u0131 on firmaya kadar verilecektir.<\/p>\n<p>Sponsora stant a\u00e7ma hakk\u0131 verilecektir. \u015eirket\/\u00fcr\u00fcn tan\u0131t\u0131mlar\u0131n\u0131n yap\u0131laca\u011f\u0131 stantlar, Kongrenin yap\u0131laca\u011f\u0131 salonlar\u0131n\u0131n bulundu\u011fu fuaye alan\u0131na kurulacakt\u0131r.<\/p>\n<p>TBD Sponsor\u2019un tan\u0131t\u0131m\u0131n\u0131n a\u015fa\u011f\u0131daki ko\u015fullarda yap\u0131laca\u011f\u0131n\u0131 taahh\u00fct eder:<\/p>\n<p>Sponsor logosu, kobibilisim.org.tr adresinde yer alacak ve Stant Sponsorun sitesine y\u00f6nlendirme linki verilecektir.<\/p>\n<p>Sponsorluk anla\u015fmas\u0131n\u0131n imzalanmas\u0131n\u0131n ard\u0131ndan, Sponsorun logosu a\u015fa\u011f\u0131da belirlenen alanlarda, \u201cGen\u00e7 Giri\u015fimci Sponsor \u201d ibaresi ile yer alacakt\u0131r.<\/p>\n<ul>\n<li>E-Posta tan\u0131t\u0131mlar\u0131nda<\/li>\n<li>E-b\u00fcltenlerde<\/li>\n<li>E-davetiyelerde<\/li>\n<li>Ziyaret\u00e7ilere verilecek f\u00f6y ve kitap\u00e7\u0131<\/li>\n<\/ul>\n<p>*\u015eirket ya\u015f\u0131 1 y\u0131l\u0131 a\u015fmam\u0131\u015f Teknoparklarda yer alan genc\u0327 giri\u015fimci firmalara o\u0308zeldir.<\/p>\n<h2><a name=\"_Toc486969255\"><\/a><strong>Ana Bas\u0131n\/Medya Sponsoru<\/strong><\/h2>\n<p><em>Sponsorluk haklar\u0131 iki firmaya verilecektir.<\/em><\/p>\n<p>Bas\u0131n\/Medya Sponsorlu\u011fu \u00fccretsiz olup kar\u015f\u0131l\u0131kl\u0131 hizmetler (barter) kapsam\u0131nda se\u00e7enek ve ko\u015fullar yap\u0131lacak g\u00f6r\u00fc\u015fmeler sonucunda detayland\u0131r\u0131larak belirlenecektir.<\/p>\n<p><em><u>Bas\u0131n\/Medya Sponsorunun faaliyet g\u00f6sterece\u011fi mecralar \u015funlard\u0131r;<\/u><\/em><\/p>\n<h2><strong>TV \u2013 Radyo \u2013 Gazete &#8211; Dergi<\/strong><\/h2>\n<p>Kongre \u00f6ncesinden ba\u015flayarak, Kongre tarihlerinde ve sonras\u0131nda sponsorun kanal\u0131nda ve kanala ait web sayfas\u0131nda Kongre haberlerine geni\u015f yer verilmesi. Kanal\u0131n web sayfas\u0131nda banner yay\u0131nlanmas\u0131. Organizasyonun belirti\u011fi ki\u015filerle, kongre hakk\u0131nda en az 2 r\u00f6portaj yapmas\u0131 ve Kongre s\u00fcresince, organizasyon hakk\u0131nda yay\u0131n yapmas\u0131 talep edilmektedir.<\/p>\n<p>Sponsorun logosu, sponsorluk anla\u015fmas\u0131n\u0131n yap\u0131ld\u0131\u011f\u0131 tarihten sonra, a\u015fa\u011f\u0131da belirtilen yerlerde di\u011fer sponsorlar\u0131n logolar\u0131 ile birlikte kendisi i\u00e7in ayr\u0131lan b\u00f6l\u00fcmde \u201cAna Bas\u0131n Sponsoru \u201d ad\u0131 ile;<\/p>\n<ol>\n<li>Kongre salonlar\u0131nda bulunan backdrop ve di\u011fer panolarda \u201cAna Bas\u0131n Medya Sponsoru\u201d ad\u0131 ile logosu kullan\u0131lacakt\u0131r.<\/li>\n<li>Sponsor firma logosu, <a href=\"http:\/\/www.ublk.org\">kobibilisim.org.tr<\/a> adresinde yer alacak ve sponsorun sitesine y\u00f6nlendirme linki verilecektir.<\/li>\n<li>Sponsorluk anla\u015fmas\u0131n\u0131n imzalanmas\u0131n\u0131n ard\u0131ndan, Sponsorun logosu a\u015fa\u011f\u0131da belirlenen alanlarda, \u201c Ana Bas\u0131n Sponsoru\u201d ibaresi ile yer alacakt\u0131r:\n<ul>\n<li><em> Kongre davetiyesi ve afi\u015flerinde<\/em><\/li>\n<li><em> A\u00e7\u0131k hava ve i\u00e7 mek\u00e2n reklamlar\u0131nda<\/em><\/li>\n<li><em> Gazete ve dergi ilanlar\u0131nda<\/em><\/li>\n<li><em> e-Posta tan\u0131t\u0131mlar\u0131nda<\/em><\/li>\n<li><em> e-b\u00fcltenlerde<\/em><\/li>\n<li><em> e-davetiyelerde<\/em><\/li>\n<li><em> Kat\u0131l\u0131mc\u0131 listesi, yerle\u015fim plan\u0131 ve bilgi panosunda<\/em><\/li>\n<li><em> Ziyaret\u00e7ilere verilecek f\u00f6y ve kitap\u00e7\u0131klarda.<\/em><\/li>\n<\/ul>\n<\/li>\n<\/ol>\n<h2><a name=\"_Toc486969256\"><\/a><strong>Bas\u0131n Medya Sponsorlu\u011fu<\/strong><\/h2>\n<p>Bas\u0131n\/Medya Sponsorlu\u011fu \u00fccretsiz olup kar\u015f\u0131l\u0131kl\u0131 hizmetler (barter) kapsam\u0131nda se\u00e7enek ve ko\u015fullar yap\u0131lacak g\u00f6r\u00fc\u015fmeler sonucunda detayland\u0131r\u0131larak belirlenecektir.<\/p>\n<p><em><u>Bas\u0131n \/ Medya Sponsorunun faaliyet g\u00f6sterece\u011fi mecralar \u015funlard\u0131r;<\/u><\/em><\/p>\n<h2>TV \u2013 Radyo \u2013 Gazete &#8211; Dergi &#8211; e-Medya &#8211; Portallar<\/h2>\n<p>Kongre \u00f6ncesinden ba\u015flayarak, Kongre tarihlerinde ve sonras\u0131nda sponsorun yay\u0131n organ\u0131nda ve yay\u0131n organ\u0131na ait web sayfas\u0131nda Kongre haberlerine geni\u015f yer verilmesi. Yay\u0131n organ\u0131n\u0131n web sayfas\u0131nda banner yay\u0131nlanmas\u0131.<\/p>\n<p>Kongre \u00f6ncesinde, Kongre zaman\u0131 ve Kongre sonras\u0131nda Kongre haberlerine geni\u015f yer verilmesi. \u0130yi konumda banner yay\u0131n\u0131 hakk\u0131 verilmesi. e-B\u00fclten Da\u011f\u0131t\u0131m Kongre haberlerinin elektronik da\u011f\u0131t\u0131m\u0131n\u0131n sa\u011flanmas\u0131. Web sitesinde Kongre \u00f6ncesinden ba\u015flayarak, Kongre tarihlerinde ve Kongre sonras\u0131nda Kongrea ait haberlere geni\u015f yer verilmesi. \u0130yi konumda banner yay\u0131n\u0131 hakk\u0131 verilmesi.<\/p>\n<h2>Online Medya Pazarlama<\/h2>\n<p>Kongre bannerlar\u0131n\u0131n da\u011f\u0131t\u0131m ve yay\u0131n\u0131n\u0131n sa\u011flanmas\u0131.<\/p>\n<p>Bas\u0131n ve Medya Sponsoru;<\/p>\n<ol>\n<li>Kongre salonlar\u0131nda bulunan backdrop ve di\u011fer panolarda \u201cBas\u0131n Medya Sponsoru\u201d ad\u0131 ile logosu kullan\u0131lacakt\u0131r.<\/li>\n<li>Sponsor firma logosu <a href=\"http:\/\/www.ublk.org\">kobibilisim.org.tr<\/a> adresinde yer alacak ve sponsorun sitesine y\u00f6nlendirme linki verilecektir.<\/li>\n<li>Sponsorluk anla\u015fmas\u0131n\u0131n imzalanmas\u0131n\u0131n ard\u0131ndan, Sponsorun logosu a\u015fa\u011f\u0131da belirlenen alanlarda, \u201cBas\u0131n Medya Sponsoru\u201d ibaresi ile yer alacakt\u0131r:\n<ul>\n<li><em> Kongre davetiyesi ve afi\u015flerinde<\/em><\/li>\n<li><em> A\u00e7\u0131k hava ve i\u00e7 mek\u00e2n reklamlar\u0131nda<\/em><\/li>\n<li><em> Gazete ve dergi ilanlar\u0131nda<\/em><\/li>\n<li><em> e-Posta tan\u0131t\u0131mlar\u0131nda<\/em><\/li>\n<li><em> e-b\u00fcltenlerde<\/em><\/li>\n<li><em> e-davetiyelerde<\/em><\/li>\n<li><em> Kat\u0131l\u0131mc\u0131 listesi, yerle\u015fim plan\u0131 ve bilgi panosunda<\/em><\/li>\n<li><em> Ziyaret\u00e7ilere verilecek f\u00f6y ve kitap\u00e7\u0131klarda.<\/em><\/li>\n<\/ul>\n<\/li>\n<\/ol>\n<p>Sponsorluk Kontrat\u0131<\/p>\n<ul>\n<li><a href=\"http:\/\/www.kobibilisim.org.tr\">kobibilisim.org.tr<\/a><em> adresinden temin edilebilir.<\/em><\/li>\n<\/ul>\n<p><strong>\u00a0<\/strong><\/p>\n<p>Kongre Sekreteryas\u0131<\/p>\n<p><strong>T\u00dcRK\u0130YE B\u0130L\u0130\u015e\u0130M DERNE\u011e\u0130<\/strong><\/p>\n<p>Ceyhun Atuf Kansu Caddesi 1246. Sokak No:4\/17 Balgat\/ANKARA<\/p>\n<p><strong>Tel <\/strong>+90 (312) 473 8215 (pbx)<\/p>\n<p><strong>Fax<\/strong> +90 (312) 473 8216<\/p>\n<p><a href=\"http:\/\/www.tbd.org.tr\">www.tbd.org.tr<\/a>, <a href=\"http:\/\/www.kobibilisim.org.tr\">www.kobibilisim.org.tr<\/a><\/p>\n<p>Evrim G\u00dcNER (Etkinlik Koordinat\u00f6r\u00fc)<\/p>\n<p><a href=\"mailto:evrim.guner@tbd.org.tr\">evrim.guner@tbd.org.tr<\/a><\/p>\n","protected":false},"excerpt":{"rendered":"<p>Sponsorluk Se\u00e7enekleri Ana Sponsor Platin Sponsor Alt\u0131n Sponsor G\u00fcm\u00fc\u015f Sponsor Yaka Kart\u0131 Sponsoru Marka ve Destek Sponsoru Gen\u00e7 Giri\u015fimci Sponsoru Ana Bas\u0131n\/Medya Sponsoru Bas\u0131n Medya Sponsorlu\u011fu<span class=\"excerpt-hellip\"> [\u2026]<\/span><\/p>\n","protected":false},"author":4,"featured_media":0,"parent":0,"menu_order":0,"comment_status":"closed","ping_status":"closed","template":"","meta":{"rs_blank_template":"","rs_page_bg_color":"","slide_template_v7":"","footnotes":""},"class_list":["post-67","page","type-page","status-publish","hentry"],"_links":{"self":[{"href":"https:\/\/kobibilisim.org.tr\/1-kobi-bilisim\/wp-json\/wp\/v2\/pages\/67","targetHints":{"allow":["GET"]}}],"collection":[{"href":"https:\/\/kobibilisim.org.tr\/1-kobi-bilisim\/wp-json\/wp\/v2\/pages"}],"about":[{"href":"https:\/\/kobibilisim.org.tr\/1-kobi-bilisim\/wp-json\/wp\/v2\/types\/page"}],"author":[{"embeddable":true,"href":"https:\/\/kobibilisim.org.tr\/1-kobi-bilisim\/wp-json\/wp\/v2\/users\/4"}],"replies":[{"embeddable":true,"href":"https:\/\/kobibilisim.org.tr\/1-kobi-bilisim\/wp-json\/wp\/v2\/comments?post=67"}],"version-history":[{"count":6,"href":"https:\/\/kobibilisim.org.tr\/1-kobi-bilisim\/wp-json\/wp\/v2\/pages\/67\/revisions"}],"predecessor-version":[{"id":236,"href":"https:\/\/kobibilisim.org.tr\/1-kobi-bilisim\/wp-json\/wp\/v2\/pages\/67\/revisions\/236"}],"wp:attachment":[{"href":"https:\/\/kobibilisim.org.tr\/1-kobi-bilisim\/wp-json\/wp\/v2\/media?parent=67"}],"curies":[{"name":"wp","href":"https:\/\/api.w.org\/{rel}","templated":true}]}}