{"id":24,"date":"2017-05-08T14:32:27","date_gmt":"2017-05-08T11:32:27","guid":{"rendered":"http:\/\/kobibilisim.org.tr\/1-kobi-bilisim\/?page_id=24"},"modified":"2017-09-12T14:16:25","modified_gmt":"2017-09-12T11:16:25","slug":"tbd-hakkinda","status":"publish","type":"page","link":"https:\/\/kobibilisim.org.tr\/1-kobi-bilisim\/tbd-hakkinda","title":{"rendered":"TBD HAKKINDA"},"content":{"rendered":"<div class=\"wpb-content-wrapper\"><p>[vc_row][vc_column][vc_column_text]T\u00fcrkiye Bili\u015fim Derne\u011fi, kuruldu\u011fu 22 Nisan 1971 tarihinden itibaren, ger\u00e7ekle\u015ftirdi\u011fi etkinlikler ve karar al\u0131c\u0131lara sundu\u011fu politika \u00f6nerileriyle \u00fclkemizin ekonomik, toplumsal ve k\u00fclt\u00fcrel kalk\u0131nmas\u0131na katk\u0131 veren T\u00fcrkiye\u2019nin bili\u015fim sekt\u00f6r\u00fcnde en b\u00fcy\u00fck ve k\u00f6kl\u00fc sivil toplum kurulu\u015fu olarak g\u00f6rev yapmaktad\u0131r.<\/p>\n<p>46 y\u0131ll\u0131k ge\u00e7mi\u015fi s\u00fcresince bir\u00e7ok \u00e7al\u0131\u015fmaya \u00f6nc\u00fcl\u00fck yapan TBD, 7 Mart 1994 tarihli Resmi Gazete\u2019de yay\u0131mlanan Bakanlar Kurulu Karar\u0131 ile <strong>\u201cKamu Yarar\u0131na \u00c7al\u0131\u015fan Dernek\u201d<\/strong> stat\u00fcs\u00fcn\u00fc alan \u00e7ok az dernekten biridir.<\/p>\n<p>TBD, faaliyetlerini g\u00fcn\u00fcm\u00fczde 12 bine yakla\u015fan \u00fcyeleriyle s\u00fcrd\u00fcrmektedir. \u00a0Baz\u0131 faaliyetlerden \u00f6rnekler :[\/vc_column_text][\/vc_column][\/vc_row][vc_row][vc_column width=&#8221;1\/4&#8243;][vc_single_image image=&#8221;226&#8243; img_size=&#8221;289&#215;216&#8243; alignment=&#8221;center&#8221; style=&#8221;vc_box_border&#8221;][\/vc_column][vc_column width=&#8221;1\/4&#8243;][vc_single_image image=&#8221;227&#8243; img_size=&#8221;289&#215;216&#8243; alignment=&#8221;center&#8221; style=&#8221;vc_box_border&#8221;][\/vc_column][vc_column width=&#8221;1\/4&#8243;][vc_single_image image=&#8221;228&#8243; img_size=&#8221;289&#215;216&#8243; alignment=&#8221;center&#8221; style=&#8221;vc_box_border&#8221;][\/vc_column][vc_column width=&#8221;1\/4&#8243;][vc_single_image image=&#8221;229&#8243; img_size=&#8221;289&#215;216&#8243; alignment=&#8221;center&#8221; style=&#8221;vc_box_border&#8221;][\/vc_column][\/vc_row][vc_row][vc_column][vc_single_image image=&#8221;230&#8243; img_size=&#8221;full&#8221; alignment=&#8221;center&#8221; style=&#8221;vc_box_border&#8221;][\/vc_column][\/vc_row]<\/p>\n<\/div>","protected":false},"excerpt":{"rendered":"<p>[vc_row][vc_column][vc_column_text]T\u00fcrkiye Bili\u015fim Derne\u011fi, kuruldu\u011fu 22 Nisan 1971 tarihinden itibaren, ger\u00e7ekle\u015ftirdi\u011fi etkinlikler ve karar al\u0131c\u0131lara sundu\u011fu politika \u00f6nerileriyle \u00fclkemizin ekonomik, toplumsal ve k\u00fclt\u00fcrel kalk\u0131nmas\u0131na katk\u0131 veren T\u00fcrkiye\u2019nin<span class=\"excerpt-hellip\"> [\u2026]<\/span><\/p>\n","protected":false},"author":4,"featured_media":0,"parent":0,"menu_order":0,"comment_status":"closed","ping_status":"closed","template":"","meta":{"rs_blank_template":"","rs_page_bg_color":"","slide_template_v7":"","footnotes":""},"class_list":["post-24","page","type-page","status-publish","hentry"],"_links":{"self":[{"href":"https:\/\/kobibilisim.org.tr\/1-kobi-bilisim\/wp-json\/wp\/v2\/pages\/24","targetHints":{"allow":["GET"]}}],"collection":[{"href":"https:\/\/kobibilisim.org.tr\/1-kobi-bilisim\/wp-json\/wp\/v2\/pages"}],"about":[{"href":"https:\/\/kobibilisim.org.tr\/1-kobi-bilisim\/wp-json\/wp\/v2\/types\/page"}],"author":[{"embeddable":true,"href":"https:\/\/kobibilisim.org.tr\/1-kobi-bilisim\/wp-json\/wp\/v2\/users\/4"}],"replies":[{"embeddable":true,"href":"https:\/\/kobibilisim.org.tr\/1-kobi-bilisim\/wp-json\/wp\/v2\/comments?post=24"}],"version-history":[{"count":4,"href":"https:\/\/kobibilisim.org.tr\/1-kobi-bilisim\/wp-json\/wp\/v2\/pages\/24\/revisions"}],"predecessor-version":[{"id":138,"href":"https:\/\/kobibilisim.org.tr\/1-kobi-bilisim\/wp-json\/wp\/v2\/pages\/24\/revisions\/138"}],"wp:attachment":[{"href":"https:\/\/kobibilisim.org.tr\/1-kobi-bilisim\/wp-json\/wp\/v2\/media?parent=24"}],"curies":[{"name":"wp","href":"https:\/\/api.w.org\/{rel}","templated":true}]}}